{"id":321,"date":"2020-09-14T12:37:58","date_gmt":"2020-09-14T11:37:58","guid":{"rendered":"https:\/\/www.mv-agusta.hu\/?page_id=321"},"modified":"2025-12-17T11:52:37","modified_gmt":"2025-12-17T10:52:37","slug":"mv-ride","status":"publish","type":"page","link":"https:\/\/mvaclub.org\/index.php\/mv-ride\/","title":{"rendered":"MV Ride"},"content":{"rendered":"\t\t<div data-elementor-type=\"wp-page\" data-elementor-id=\"321\" class=\"elementor elementor-321\" data-elementor-post-type=\"page\">\n\t\t\t\t<div class=\"elementor-element elementor-element-87f56d5 e-flex e-con-boxed e-con e-parent\" data-id=\"87f56d5\" data-element_type=\"container\" data-e-type=\"container\" data-settings=\"{&quot;background_background&quot;:&quot;classic&quot;}\">\n\t\t\t\t\t<div class=\"e-con-inner\">\n\t\t\t\t<div class=\"elementor-element elementor-element-1834c98 elementor-widget elementor-widget-heading\" data-id=\"1834c98\" data-element_type=\"widget\" data-e-type=\"widget\" data-widget_type=\"heading.default\">\n\t\t\t\t\t<h2 class=\"elementor-heading-title elementor-size-default\">MV Ride<\/h2>\t\t\t\t<\/div>\n\t\t\t\t\t<\/div>\n\t\t\t\t<\/div>\n\t\t<div class=\"elementor-element elementor-element-754343c2 e-flex e-con-boxed e-con e-parent\" data-id=\"754343c2\" data-element_type=\"container\" data-e-type=\"container\">\n\t\t\t\t\t<div class=\"e-con-inner\">\n\t\t\t\t<div class=\"elementor-element elementor-element-304171d7 elementor-widget elementor-widget-text-editor\" data-id=\"304171d7\" data-element_type=\"widget\" data-e-type=\"widget\" data-widget_type=\"text-editor.default\">\n\t\t\t\t\t\t\t\t\t<p dir=\"auto\" style=\"text-align: justify;\">Az MV Ride az az alkalmaz\u00e1s, amely az MV Agusta bemutatkoz\u00e1s\u00e1t jelenti a digit\u00e1lis szolg\u00e1ltat\u00e1sok vil\u00e1g\u00e1ban, \u00e9s m\u00e1r ingyenesen let\u00f6lthet\u0151 az Apple App Store-b\u00f3l. Az MV Ride App seg\u00edt a felhaszn\u00e1l\u00f3knak a legt\u00f6bbet kihozni az MV Agusta motorker\u00e9kp\u00e1rokb\u00f3l szem\u00e9lyre szab\u00e1si lehet\u0151s\u00e9gekkel, kezdve az 1000 RR-t\u0151l \u00e9s a Brutale 1000 RR, valamint a Serie Oro-n \u00e1t.. Kezdetben k\u00e9t nyelven lesz el\u00e9rhet\u0151, angolul \u00e9s olaszul. Az alkalmaz\u00e1s h\u00e1rom f\u0151 r\u00e9szre oszlik: Saj\u00e1t motor, \u00datvonalak, Utaz\u00e1sok.<\/p>\r\n<p dir=\"auto\" style=\"text-align: justify;\">A &#8222;motorom&#8221; funkci\u00f3 lehet\u0151v\u00e9 teszi a felhaszn\u00e1l\u00f3k sz\u00e1m\u00e1ra, hogy Bluetooth-on kereszt\u00fcl hozz\u00e1f\u00e9rjenek bizonyos adatokhoz, p\u00e9ld\u00e1ul az akkumul\u00e1tor t\u00f6lt\u00f6tts\u00e9g\u00e9hez \u00e9s az \u00fczemanyagszinthez.<\/p>\r\n<p dir=\"auto\" style=\"text-align: justify;\">A motorker\u00e9kp\u00e1r minden r\u00e9szlet\u00e9t szem\u00e9lyre szabhatod az MV Ride seg\u00edts\u00e9g\u00e9vel: a \u201emotor\u201d, a \u201efelf\u00fcggeszt\u00e9sek\u201d \u00e9s a \u201ebiztons\u00e1gi\u201d men\u00fckb\u0151l&#8230;\u00e9s m\u00e9g sok m\u00e1s funkci\u00f3, pr\u00f3b\u00e1lj\u00e1tok ki!<\/p>\r\n<p dir=\"auto\" style=\"text-align: justify;\">Az MV Ride App kompatibilis lesz az \u00f6sszes Euro5 modellel!<\/p>\r\n<p style=\"text-align: justify;\"><img fetchpriority=\"high\" decoding=\"async\" class=\"wp-image-323 alignnone\" src=\"https:\/\/www.mvaclub.org\/wp-content\/uploads\/2020\/09\/MVride-press-1024x554.jpg\" alt=\"MV Ride App bemutat\u00f3 k\u00e9p\" width=\"695\" height=\"376\" title=\"\" srcset=\"https:\/\/mvaclub.org\/wp-content\/uploads\/2020\/09\/MVride-press-1024x554.jpg 1024w, https:\/\/mvaclub.org\/wp-content\/uploads\/2020\/09\/MVride-press-300x162.jpg 300w, https:\/\/mvaclub.org\/wp-content\/uploads\/2020\/09\/MVride-press-768x415.jpg 768w, https:\/\/mvaclub.org\/wp-content\/uploads\/2020\/09\/MVride-press-1080x584.jpg 1080w, https:\/\/mvaclub.org\/wp-content\/uploads\/2020\/09\/MVride-press-1280x692.jpg 1280w, https:\/\/mvaclub.org\/wp-content\/uploads\/2020\/09\/MVride-press-980x530.jpg 980w, https:\/\/mvaclub.org\/wp-content\/uploads\/2020\/09\/MVride-press-480x259.jpg 480w, https:\/\/mvaclub.org\/wp-content\/uploads\/2020\/09\/MVride-press.jpg 1480w\" sizes=\"(max-width: 695px) 100vw, 695px\" \/><\/p>\r\nLet\u00f6lthet\u0151 az <a href=\"https:\/\/apps.apple.com\/us\/app\/mv-ride\/id1504474890\" target=\"_blank\" rel=\"noopener\">App Store<\/a> oldal\u00e1r\u00f3l.\t\t\t\t\t\t\t\t<\/div>\n\t\t\t\t\t<\/div>\n\t\t\t\t<\/div>\n\t\t\t\t<\/div>\n\t\t","protected":false},"excerpt":{"rendered":"MV Ride Az MV Ride az az alkalmaz\u00e1s, amely az MV Agusta bemutatkoz\u00e1s\u00e1t jelenti a digit\u00e1lis szolg\u00e1ltat\u00e1sok vil\u00e1g\u00e1ban, \u00e9s m\u00e1r...","protected":false},"author":7,"featured_media":0,"parent":0,"menu_order":0,"comment_status":"closed","ping_status":"closed","template":"","meta":{"footnotes":""},"class_list":["post-321","page","type-page","status-publish","hentry"],"_links":{"self":[{"href":"https:\/\/mvaclub.org\/index.php\/wp-json\/wp\/v2\/pages\/321","targetHints":{"allow":["GET"]}}],"collection":[{"href":"https:\/\/mvaclub.org\/index.php\/wp-json\/wp\/v2\/pages"}],"about":[{"href":"https:\/\/mvaclub.org\/index.php\/wp-json\/wp\/v2\/types\/page"}],"author":[{"embeddable":true,"href":"https:\/\/mvaclub.org\/index.php\/wp-json\/wp\/v2\/users\/7"}],"replies":[{"embeddable":true,"href":"https:\/\/mvaclub.org\/index.php\/wp-json\/wp\/v2\/comments?post=321"}],"version-history":[{"count":10,"href":"https:\/\/mvaclub.org\/index.php\/wp-json\/wp\/v2\/pages\/321\/revisions"}],"predecessor-version":[{"id":3736,"href":"https:\/\/mvaclub.org\/index.php\/wp-json\/wp\/v2\/pages\/321\/revisions\/3736"}],"wp:attachment":[{"href":"https:\/\/mvaclub.org\/index.php\/wp-json\/wp\/v2\/media?parent=321"}],"curies":[{"name":"wp","href":"https:\/\/api.w.org\/{rel}","templated":true}]}}