{"id":306,"date":"2020-09-14T12:32:39","date_gmt":"2020-09-14T11:32:39","guid":{"rendered":"https:\/\/www.mv-agusta.hu\/?page_id=306"},"modified":"2025-12-18T12:07:25","modified_gmt":"2025-12-18T11:07:25","slug":"mv-agusta-rosso-termekcsalad","status":"publish","type":"page","link":"https:\/\/mvaclub.org\/index.php\/mv-agusta-rosso-termekcsalad\/","title":{"rendered":"MV Agusta Rosso Term\u00e9kcsal\u00e1d"},"content":{"rendered":"\t\t<div data-elementor-type=\"wp-page\" data-elementor-id=\"306\" class=\"elementor elementor-306\" data-elementor-post-type=\"page\">\n\t\t\t\t<div class=\"elementor-element elementor-element-d19eec5 e-flex e-con-boxed e-con e-parent\" data-id=\"d19eec5\" data-element_type=\"container\" data-e-type=\"container\">\n\t\t\t\t\t<div class=\"e-con-inner\">\n\t\t\t\t<div class=\"elementor-element elementor-element-258c4a5 elementor-widget elementor-widget-heading\" data-id=\"258c4a5\" data-element_type=\"widget\" data-e-type=\"widget\" data-widget_type=\"heading.default\">\n\t\t\t\t\t<h2 class=\"elementor-heading-title elementor-size-default\">MV Agusta Rosso Term\u00e9kcsal\u00e1d<\/h2>\t\t\t\t<\/div>\n\t\t\t\t\t<\/div>\n\t\t\t\t<\/div>\n\t\t<div class=\"elementor-element elementor-element-6374ffa3 e-flex e-con-boxed e-con e-parent\" data-id=\"6374ffa3\" data-element_type=\"container\" data-e-type=\"container\">\n\t\t\t\t\t<div class=\"e-con-inner\">\n\t\t\t\t<div class=\"elementor-element elementor-element-98d5700 elementor-widget elementor-widget-text-editor\" data-id=\"98d5700\" data-element_type=\"widget\" data-e-type=\"widget\" data-widget_type=\"text-editor.default\">\n\t\t\t\t\t\t\t\t\t<h3 style=\"text-align: justify;\">H\u00e1rom modell alkotja a Rosso term\u00e9kcsal\u00e1dot: Dragster 800, Brutale 800 \u00e9s a Turismo Veloce 800. Mindegyik st\u00edlusos \u00e9s k\u00e9pviselik azt a teljes\u00edtm\u00e9nyt, amit az MV Agust\u00e1t\u00f3l megszokhattunk. A Rosso term\u00e9kcsal\u00e1d els\u0151 jellegzetes eleme az exkluz\u00edv sz\u00ednez\u00e9s, a form\u00e1t \u00e9s a strukt\u00far\u00e1t a piros sz\u00edn emeli ki az eleg\u00e1ns feket\u00e9vel kar\u00f6ltve. Az eg\u00e9sz Rosso term\u00e9kcsal\u00e1d a legfejlettebb technikai megold\u00e1sokkal rendelkezik, a 110 l\u00f3er\u0151s motor \u00e9s a 83 Nm nyomat\u00e9ka minden helyzetben kiv\u00e1l\u00f3 vezet\u00e9si \u00e9lm\u00e9nyt biztos\u00edt.<\/h3>\r\n&nbsp;\r\n<p style=\"text-align: center;\"><a href=\"https:\/\/www.mvaclub.org\/wp-content\/uploads\/2020\/09\/M58A5388@-min-scaled-1.jpg\"><img fetchpriority=\"high\" decoding=\"async\" class=\"wp-image-312 aligncenter\" src=\"https:\/\/www.mvaclub.org\/wp-content\/uploads\/2020\/09\/M58A5388@-min-scaled-1.jpg\" alt=\"M58A5388 motor\" width=\"396\" height=\"264\" title=\"\" srcset=\"https:\/\/mvaclub.org\/wp-content\/uploads\/2020\/09\/M58A5388@-min-scaled-1.jpg 2560w, https:\/\/mvaclub.org\/wp-content\/uploads\/2020\/09\/M58A5388@-min-scaled-1-300x200.jpg 300w, https:\/\/mvaclub.org\/wp-content\/uploads\/2020\/09\/M58A5388@-min-scaled-1-1024x683.jpg 1024w, https:\/\/mvaclub.org\/wp-content\/uploads\/2020\/09\/M58A5388@-min-scaled-1-768x512.jpg 768w, https:\/\/mvaclub.org\/wp-content\/uploads\/2020\/09\/M58A5388@-min-scaled-1-1536x1025.jpg 1536w, https:\/\/mvaclub.org\/wp-content\/uploads\/2020\/09\/M58A5388@-min-scaled-1-2048x1366.jpg 2048w, https:\/\/mvaclub.org\/wp-content\/uploads\/2020\/09\/M58A5388@-min-scaled-1-1080x721.jpg 1080w, https:\/\/mvaclub.org\/wp-content\/uploads\/2020\/09\/M58A5388@-min-scaled-1-1280x854.jpg 1280w, https:\/\/mvaclub.org\/wp-content\/uploads\/2020\/09\/M58A5388@-min-scaled-1-980x654.jpg 980w, https:\/\/mvaclub.org\/wp-content\/uploads\/2020\/09\/M58A5388@-min-scaled-1-480x320.jpg 480w\" sizes=\"(max-width: 396px) 100vw, 396px\" \/><\/a><em>Brutale 800<\/em><\/p>\r\n<p style=\"text-align: center;\"><a href=\"https:\/\/www.mvaclub.org\/wp-content\/uploads\/2020\/09\/DRA-ROSSO-tecnologia-min.png\"><img decoding=\"async\" class=\" wp-image-314 aligncenter\" src=\"https:\/\/www.mvaclub.org\/wp-content\/uploads\/2020\/09\/DRA-ROSSO-tecnologia-min-300x300.png\" alt=\"DRA ROSSO technol\u00f3gia motor\" width=\"366\" height=\"366\" title=\"\" srcset=\"https:\/\/mvaclub.org\/wp-content\/uploads\/2020\/09\/DRA-ROSSO-tecnologia-min-300x300.png 300w, https:\/\/mvaclub.org\/wp-content\/uploads\/2020\/09\/DRA-ROSSO-tecnologia-min-1024x1024.png 1024w, https:\/\/mvaclub.org\/wp-content\/uploads\/2020\/09\/DRA-ROSSO-tecnologia-min-150x150.png 150w, https:\/\/mvaclub.org\/wp-content\/uploads\/2020\/09\/DRA-ROSSO-tecnologia-min-768x768.png 768w, https:\/\/mvaclub.org\/wp-content\/uploads\/2020\/09\/DRA-ROSSO-tecnologia-min-1080x1080.png 1080w, https:\/\/mvaclub.org\/wp-content\/uploads\/2020\/09\/DRA-ROSSO-tecnologia-min-980x980.png 980w, https:\/\/mvaclub.org\/wp-content\/uploads\/2020\/09\/DRA-ROSSO-tecnologia-min-480x480.png 480w, https:\/\/mvaclub.org\/wp-content\/uploads\/2020\/09\/DRA-ROSSO-tecnologia-min.png 1102w\" sizes=\"(max-width: 366px) 100vw, 366px\" \/><\/a><em>Dragster 800<\/em><\/p>\r\n<p style=\"text-align: center;\"><img decoding=\"async\" class=\"alignnone size-medium wp-image-564\" src=\"https:\/\/www.mvagusta-klub.hu\/wp-content\/uploads\/2021\/08\/mv-agusta-turismo-veloce-8800-300x199.jpg\" alt=\"\" width=\"450\" height=\"300\" title=\"\">\r\n<em>Turismo Veloce 800<\/em><\/p>\r\n\r\n<h3><\/h3>\r\n<h3 style=\"text-align: justify;\">8 szintes kip\u00f6rg\u00e9sg\u00e1tl\u00f3 \u00e9s n\u00e9gy vezet\u00e9si m\u00f3d: Sport, Verseny, Es\u0151 \u00e9s Egyedi. A vezet\u00e9si m\u00f3d megv\u00e1ltoztat\u00e1sa gyors \u00e9s intuit\u00edv. Mi az eredm\u00e9ny? N\u00e9gy ker\u00e9kp\u00e1r az egyben, \u00e9lm\u00e9ny minden helyzetben. Az er\u0151t \u00e9s a modularit\u00e1st a kiv\u00e1l\u00f3 f\u00e9krendszer t\u00e1mogatja, Brembo radi\u00e1lis f\u00e9knyereggel \u00e9s Bosch 9 Plus ABS RLM-el.<\/h3>\r\n<h3 style=\"text-align: justify;\">Ezek azok, amik a Rosso term\u00e9kcsal\u00e1dot jellemzik, a kiv\u00e1l\u00f3 motoroz\u00e1si \u00e9lm\u00e9nyt biztos\u00edtva!<\/h3>\t\t\t\t\t\t\t\t<\/div>\n\t\t\t\t\t<\/div>\n\t\t\t\t<\/div>\n\t\t\t\t<\/div>\n\t\t","protected":false},"excerpt":{"rendered":"MV Agusta Rosso Term\u00e9kcsal\u00e1d H\u00e1rom modell alkotja a Rosso term\u00e9kcsal\u00e1dot: Dragster 800, Brutale 800 \u00e9s a Turismo Veloce 800. Mindegyik...","protected":false},"author":7,"featured_media":314,"parent":0,"menu_order":0,"comment_status":"closed","ping_status":"closed","template":"","meta":{"footnotes":""},"class_list":["post-306","page","type-page","status-publish","has-post-thumbnail","hentry"],"_links":{"self":[{"href":"https:\/\/mvaclub.org\/index.php\/wp-json\/wp\/v2\/pages\/306","targetHints":{"allow":["GET"]}}],"collection":[{"href":"https:\/\/mvaclub.org\/index.php\/wp-json\/wp\/v2\/pages"}],"about":[{"href":"https:\/\/mvaclub.org\/index.php\/wp-json\/wp\/v2\/types\/page"}],"author":[{"embeddable":true,"href":"https:\/\/mvaclub.org\/index.php\/wp-json\/wp\/v2\/users\/7"}],"replies":[{"embeddable":true,"href":"https:\/\/mvaclub.org\/index.php\/wp-json\/wp\/v2\/comments?post=306"}],"version-history":[{"count":6,"href":"https:\/\/mvaclub.org\/index.php\/wp-json\/wp\/v2\/pages\/306\/revisions"}],"predecessor-version":[{"id":3745,"href":"https:\/\/mvaclub.org\/index.php\/wp-json\/wp\/v2\/pages\/306\/revisions\/3745"}],"wp:featuredmedia":[{"embeddable":true,"href":"https:\/\/mvaclub.org\/index.php\/wp-json\/wp\/v2\/media\/314"}],"wp:attachment":[{"href":"https:\/\/mvaclub.org\/index.php\/wp-json\/wp\/v2\/media?parent=306"}],"curies":[{"name":"wp","href":"https:\/\/api.w.org\/{rel}","templated":true}]}}