{"id":3,"date":"2021-08-28T07:20:34","date_gmt":"2021-08-28T07:20:34","guid":{"rendered":"http:\/\/dev.mvagusta-klub.hu\/?page_id=3"},"modified":"2025-12-18T09:36:50","modified_gmt":"2025-12-18T08:36:50","slug":"adatkezelesi-tajekoztato","status":"publish","type":"page","link":"https:\/\/mvaclub.org\/index.php\/adatkezelesi-tajekoztato\/","title":{"rendered":"Adatv\u00e9delmi ir\u00e1nyelvek"},"content":{"rendered":"\t\t<div data-elementor-type=\"wp-page\" data-elementor-id=\"3\" class=\"elementor elementor-3\" data-elementor-post-type=\"page\">\n\t\t\t\t<div class=\"elementor-element elementor-element-1c240699 e-flex e-con-boxed e-con e-parent\" data-id=\"1c240699\" data-element_type=\"container\" data-e-type=\"container\">\n\t\t\t\t\t<div class=\"e-con-inner\">\n\t\t\t\t<div class=\"elementor-element elementor-element-6f20f887 elementor-widget elementor-widget-text-editor\" data-id=\"6f20f887\" data-element_type=\"widget\" data-e-type=\"widget\" data-widget_type=\"text-editor.default\">\n\t\t\t\t\t\t\t\t\t<p><\/p>\n<h1 class=\"wp-block-heading\" data-start=\"125\" data-end=\"157\"><strong data-start=\"127\" data-end=\"155\">Adatkezel\u00e9si t\u00e1j\u00e9koztat\u00f3<\/strong><\/h1>\n<p data-start=\"158\" data-end=\"174\"><span style=\"font-size: 1rem;\">Az mvaclub.org oldal \u00fczemeltet\u0151je, a <\/span><strong data-start=\"213\" data-end=\"231\" style=\"font-size: 1rem;\">SaSfLyNeT Kft.<\/strong><\/p><p data-start=\"176\" data-end=\"452\">(sz\u00e9khely: 1116 Budapest, Feh\u00e9rv\u00e1ri \u00fat 168\u2013178\/B<br data-start=\"282\" data-end=\"285\">c\u00e9gjegyz\u00e9ksz\u00e1m: 01 09 871548<br data-start=\"313\" data-end=\"316\">ad\u00f3sz\u00e1m: 13755418-2-43<br data-start=\"338\" data-end=\"341\">e-mail: <a class=\"decorated-link cursor-pointer\" rel=\"noopener\" data-start=\"349\" data-end=\"364\">info@sasfly.net<\/a><br data-start=\"364\" data-end=\"367\">telefon: +36 20 220 3332)<br data-start=\"392\" data-end=\"395\">az oldal l\u00e1togat\u00f3inak adatait az al\u00e1bbiak szerint kezeli.<\/p>\n<h2 data-start=\"454\" data-end=\"489\"><strong data-start=\"457\" data-end=\"489\">1. Milyen adatokat kezel\u00fcnk?<\/strong><\/h2>\n<p data-start=\"490\" data-end=\"539\">A kapcsolati \u0171rlapon kereszt\u00fcl megadott adatok:<\/p>\n<ul data-start=\"540\" data-end=\"585\">\n<li data-start=\"540\" data-end=\"547\">\n<p data-start=\"542\" data-end=\"547\">n\u00e9v<\/p>\n<\/li>\n<li data-start=\"548\" data-end=\"562\">\n<p data-start=\"550\" data-end=\"562\">e-mail c\u00edm<\/p>\n<\/li>\n<li data-start=\"563\" data-end=\"585\">\n<p data-start=\"565\" data-end=\"585\">az \u00fczenet tartalma<\/p>\n<\/li>\n<\/ul>\n<p data-start=\"587\" data-end=\"669\">M\u00e1s adatot nem gy\u0171jt\u00fcnk, nem haszn\u00e1lunk marketing s\u00fctiket, nem k\u00fcld\u00fcnk h\u00edrlevelet.<\/p>\n<h2 data-start=\"671\" data-end=\"701\"><strong data-start=\"674\" data-end=\"701\">2. Az adatkezel\u00e9s c\u00e9lja<\/strong><\/h2>\n<p data-start=\"702\" data-end=\"758\">A be\u00e9rkez\u0151 \u00fczenetek megv\u00e1laszol\u00e1sa \u00e9s a kapcsolattart\u00e1s.<\/p>\n<h2 data-start=\"760\" data-end=\"794\"><strong data-start=\"763\" data-end=\"794\">3. Az adatkezel\u00e9s jogalapja<\/strong><\/h2>\n<p data-start=\"795\" data-end=\"846\">Az \u00d6n \u00f6nk\u00e9ntes hozz\u00e1j\u00e1rul\u00e1sa (GDPR 6. cikk (1) a)).<\/p>\n<h2 data-start=\"848\" data-end=\"883\"><strong data-start=\"851\" data-end=\"883\">4. Az adatok meg\u0151rz\u00e9si ideje<\/strong><\/h2>\n<p data-start=\"884\" data-end=\"969\">A kapcsolatfelv\u00e9telt\u0151l sz\u00e1m\u00edtott legfeljebb <strong data-start=\"928\" data-end=\"938\">90 nap<\/strong>, vagy k\u00e9r\u00e9sre azonnali t\u00f6rl\u00e9s.<\/p>\n<h2 data-start=\"971\" data-end=\"1010\"><strong data-start=\"974\" data-end=\"1010\">5. Ki f\u00e9rhet hozz\u00e1 az adatokhoz?<\/strong><\/h2>\n<p data-start=\"1011\" data-end=\"1112\">Az adatokhoz kiz\u00e1r\u00f3lag az adatkezel\u0151 (SaSfLyNeT Kft.) f\u00e9r hozz\u00e1.<br data-start=\"1075\" data-end=\"1078\">Harmadik f\u00e9l r\u00e9sz\u00e9re nem adjuk \u00e1t.<\/p>\n<h2 data-start=\"1114\" data-end=\"1143\"><strong data-start=\"1117\" data-end=\"1143\">6. Az \u00e9rintettek jogai<\/strong><\/h2>\n<p data-start=\"1144\" data-end=\"1166\">\u00d6n b\u00e1rmikor k\u00e9rheti:<\/p>\n<ul data-start=\"1167\" data-end=\"1291\">\n<li data-start=\"1167\" data-end=\"1187\">\n<p data-start=\"1169\" data-end=\"1187\">adatai t\u00f6rl\u00e9s\u00e9t,<\/p>\n<\/li>\n<li data-start=\"1188\" data-end=\"1213\">\n<p data-start=\"1190\" data-end=\"1213\">adatai helyesb\u00edt\u00e9s\u00e9t,<\/p>\n<\/li>\n<li data-start=\"1214\" data-end=\"1246\">\n<p data-start=\"1216\" data-end=\"1246\">az adatkezel\u00e9s korl\u00e1toz\u00e1s\u00e1t,<\/p>\n<\/li>\n<li data-start=\"1247\" data-end=\"1291\">\n<p data-start=\"1249\" data-end=\"1291\">t\u00e1j\u00e9koztat\u00e1st az \u00d6nr\u0151l kezelt adatokr\u00f3l.<\/p>\n<\/li>\n<\/ul>\n<p data-start=\"1293\" data-end=\"1347\">K\u00e9r\u00e9s\u00e9t az <strong data-start=\"1304\" data-end=\"1323\"><a class=\"decorated-link cursor-pointer\" rel=\"noopener\" data-start=\"1306\" data-end=\"1321\">info@sasfly.net<\/a><\/strong> e-mail c\u00edmen jelezheti.<\/p>\n<h2 data-start=\"1349\" data-end=\"1376\"><strong data-start=\"1352\" data-end=\"1376\">7. Panasz beny\u00fajt\u00e1sa<\/strong><\/h2>\n<p data-start=\"1377\" data-end=\"1574\">Amennyiben \u00fagy \u00e9rzi, hogy az adatkezel\u00e9s s\u00e9rti a jogait, panaszt tehet a <strong data-start=\"1450\" data-end=\"1514\">Nemzeti Adatv\u00e9delmi \u00e9s Inform\u00e1ci\u00f3szabads\u00e1g Hat\u00f3s\u00e1gn\u00e1l (NAIH)<\/strong>.<br data-start=\"1515\" data-end=\"1518\">C\u00edm: 1055 Budapest, Falk Miksa utca 9\u201311.<br data-start=\"1559\" data-end=\"1562\">Web: naih.hu<\/p>\n<h2 data-start=\"1576\" data-end=\"1599\"><strong data-start=\"1579\" data-end=\"1599\">8. Adatbiztons\u00e1g<\/strong><\/h2>\n<p data-start=\"1600\" data-end=\"1675\">Az adatokat biztons\u00e1gos m\u00f3don kezelj\u00fck, illet\u00e9ktelenek nem f\u00e9rhetnek hozz\u00e1.<\/p>\n<p><\/p>\t\t\t\t\t\t\t\t<\/div>\n\t\t\t\t\t<\/div>\n\t\t\t\t<\/div>\n\t\t\t\t<\/div>\n\t\t","protected":false},"excerpt":{"rendered":"Adatkezel\u00e9si t\u00e1j\u00e9koztat\u00f3 Az mvaclub.org oldal \u00fczemeltet\u0151je, a SaSfLyNeT Kft.(sz\u00e9khely: 1116 Budapest, Feh\u00e9rv\u00e1ri \u00fat 168\u2013178\/Bc\u00e9gjegyz\u00e9ksz\u00e1m: 01 09 871548ad\u00f3sz\u00e1m: 13755418-2-43e-mail: info@sasfly.nettelefon: +36...","protected":false},"author":7,"featured_media":0,"parent":0,"menu_order":0,"comment_status":"closed","ping_status":"open","template":"","meta":{"footnotes":""},"class_list":["post-3","page","type-page","status-publish","hentry"],"_links":{"self":[{"href":"https:\/\/mvaclub.org\/index.php\/wp-json\/wp\/v2\/pages\/3","targetHints":{"allow":["GET"]}}],"collection":[{"href":"https:\/\/mvaclub.org\/index.php\/wp-json\/wp\/v2\/pages"}],"about":[{"href":"https:\/\/mvaclub.org\/index.php\/wp-json\/wp\/v2\/types\/page"}],"author":[{"embeddable":true,"href":"https:\/\/mvaclub.org\/index.php\/wp-json\/wp\/v2\/users\/7"}],"replies":[{"embeddable":true,"href":"https:\/\/mvaclub.org\/index.php\/wp-json\/wp\/v2\/comments?post=3"}],"version-history":[{"count":6,"href":"https:\/\/mvaclub.org\/index.php\/wp-json\/wp\/v2\/pages\/3\/revisions"}],"predecessor-version":[{"id":6738,"href":"https:\/\/mvaclub.org\/index.php\/wp-json\/wp\/v2\/pages\/3\/revisions\/6738"}],"wp:attachment":[{"href":"https:\/\/mvaclub.org\/index.php\/wp-json\/wp\/v2\/media?parent=3"}],"curies":[{"name":"wp","href":"https:\/\/api.w.org\/{rel}","templated":true}]}}